{"id":331,"date":"2022-04-22T08:30:26","date_gmt":"2022-04-22T08:30:26","guid":{"rendered":"https:\/\/thecapvestgroup.com\/?page_id=331"},"modified":"2022-04-22T09:09:02","modified_gmt":"2022-04-22T09:09:02","slug":"mentions-legales","status":"publish","type":"page","link":"https:\/\/thecapvestgroup.com\/fr\/mentions-legales\/","title":{"rendered":"Mentions l\u00e9gales et politique de protection des donn\u00e9es personnelles"},"content":{"rendered":"\n<p>Le Groupe Capvest est soucieux de la protection et de la confidentialit\u00e9 des donn\u00e9es personnelles et s\u2019engage \u00e0 assurer le meilleur niveau de protection \u00e0 vos donn\u00e9es personnelles en conformit\u00e9 avec les r\u00e9glementations en vigueur sur la protection des donn\u00e9es personnelles, applicables en Europe (RGPD).<\/p>\n\n\n\n<div style=\"height:20px\" aria-hidden=\"true\" class=\"wp-block-spacer\"><\/div>\n\n\n\n<p>Cette politique de confidentialit\u00e9 a pour objectif de vous informer sur les mesures et engagements pratiques pris par le Groupe Capvest afin de veiller au respect et \u00e0 la protection de vos donn\u00e9es personnelles lors de l\u2019utilisation de nos services.<\/p>\n\n\n\n<div style=\"height:20px\" aria-hidden=\"true\" class=\"wp-block-spacer\"><\/div>\n\n\n\n<p>Elle s\u2019applique \u00e0 l\u2019ensemble des services (applications web, applications mobiles, services de mise en relation, etc.) \u00e9dit\u00e9s et fournis par le Groupe Capvest depuis les diff\u00e9rents sites et applications.<\/p>\n\n\n\n<p>Elle concerne tous les visiteurs de nos sites et les utilisateurs de nos services.<\/p>\n\n\n\n<p>Les termes \u00ab&nbsp;nous&nbsp;\u00bb et \u00ab&nbsp;notre&nbsp;\u00bb se rapportent au Groupe Capvest et aux services que nous fournissons.<\/p>\n\n\n\n<p>Les termes \u00ab\u00a0vous\u00a0\u00bb et \u00ab\u00a0vos \/votre\u00a0\u00bb se rapportent \u00e0 tous les utilisateurs de nos services ou visiteurs de nos sites ou applications.<\/p>\n\n\n\n<div style=\"height:20px\" aria-hidden=\"true\" class=\"wp-block-spacer\"><\/div>\n\n\n\n<p>La charte s\u2019applique en compl\u00e9ment des dispositions des Conditions G\u00e9n\u00e9rales d\u2019Utilisation des Services et des Conditions G\u00e9n\u00e9rales de Vente des Services, lorsqu\u2019elles existent.<\/p>\n\n\n\n<h2>1 \u2013 Donn\u00e9es collect\u00e9es<\/h2>\n\n\n\n<p>Le Groupe Capvest veille \u00e0 ne traiter que des donn\u00e9es personnelles qui sont strictement n\u00e9cessaires \u00e0 l\u2019\u00e9gard des finalit\u00e9s d\u00e9taill\u00e9es plus haut. En plus des informations n\u00e9cessaires \u00e0 la mise en relation (tels que par exemple vos nom et pr\u00e9nom, adresse email, etc.) seules des informations relatives \u00e0 vos expertises, comp\u00e9tences ou perspectives professionnelles vous seront demand\u00e9es.<\/p>\n\n\n\n<h3>Les donn\u00e9es que vous nous fournissez<\/h3>\n\n\n\n<p>Les donn\u00e9es que nous traitons sont tout d\u2019abord les donn\u00e9es que vous nous fournissez via nos formulaires de souscription. Il s\u2019agit de vos donn\u00e9es d\u2019identification, de vos donn\u00e9es de contact ainsi que les donn\u00e9es concernant votre exp\u00e9rience professionnelle (poste recherch\u00e9, comp\u00e9tences, etc.).<\/p>\n\n\n\n<p>Le caract\u00e8re obligatoire des donn\u00e9es collect\u00e9es vous est signal\u00e9 lors de la collecte par un message. Renseigner certaines donn\u00e9es est obligatoire seulement lorsque cela nous est n\u00e9cessaire pour traiter votre demande afin de r\u00e9pondre de mani\u00e8re pertinente \u00e0 votre demande.<\/p>\n\n\n\n<p>Si les donn\u00e9es obligatoires ne sont pas renseign\u00e9es, nous ne pourrons pas vous fournir le service que vous souhaitez.<\/p>\n\n\n\n<p>Nous ne demandons jamais d\u2019informations dites sensibles (informations raciales ou ethniques, opinions politiques, opinions religieuses ou philosophiques, appartenance syndicale, sant\u00e9, orientation sexuelle).<\/p>\n\n\n\n<p>Nous vous d\u00e9conseillons de renseigner de telles donn\u00e9es lors de l\u2019utilisation de nos services. Cependant, si vous choisissez d\u2019inclure dans votre CV ou vos textes libres des informations dites sensibles, elles seront transmises, telles quelles, sous votre seule responsabilit\u00e9 et \u00e0 votre seule initiative, \u00e0 nos clients avec lesquels vous avez souhait\u00e9 \u00eatre mis en relation.<\/p>\n\n\n\n<h3>Les donn\u00e9es d\u2019utilisation de nos services<\/h3>\n\n\n\n<p>Nous \u00e9tablissons \u00e9galement votre profil en fonction de votre utilisation et de votre navigation sur nos sites et nos applications. Il s\u2019agit de l\u2019adresse IP ou des appareils de connexion utilis\u00e9s, de vos donn\u00e9es de navigation, des donn\u00e9es de cookies (voir section Cookies ci-dessous), des historiques de mises en relation, de la consultation des messages que nous vous envoyons et des liens cliqu\u00e9s, du nombre de nos pages vues, du nombre de visites de nos sites, ainsi que de l\u2019activit\u00e9 des visiteurs sur ceux-ci et leur fr\u00e9quence de retour (voir section Donn\u00e9es tierces ci-dessous).<\/p>\n\n\n\n<h3>Les donn\u00e9es tierces<\/h3>\n\n\n\n<p>Nous recevons des donn\u00e9es personnelles vous concernant lorsque vous utilisez les formulaires de contact sur notre site. Notre objectif est de mieux comprendre comment sont utilis\u00e9s nos sites, nos applications et de mesurer notre audience et l\u2019efficacit\u00e9 de nos services pour les adapter au mieux \u00e0 vos besoins.<\/p>\n\n\n\n<p>Nous ne collectons pas de donn\u00e9es tierces que vous seriez susceptibles d\u2019\u00e9crire ou de diffuser sur des sites tiers partenaires.<\/p>\n\n\n\n<h2>2 \u2013 Destinataires des donn\u00e9es collect\u00e9es<\/h2>\n\n\n\n<p>Vos donn\u00e9es \u00e0 caract\u00e8re personnel ne sont utilis\u00e9es que par des personnes identifi\u00e9es et habilit\u00e9es compte tenu des finalit\u00e9s d\u00e9crites dans la pr\u00e9sente politique de protection des donn\u00e9es personnelles.<\/p>\n\n\n\n<p>Le Groupe Capvest s\u2019engage \u00e0 ne jamais transmettre vos donn\u00e9es personnelles \u00e0 des tiers pour des raisons \u00e9trang\u00e8res \u00e0 ces finalit\u00e9s.<\/p>\n\n\n\n<p>Ainsi, vos donn\u00e9es ne sont transmises qu\u2019aux cat\u00e9gories de personnes list\u00e9es ci-dessous :<\/p>\n\n\n\n<ul><li>Les services autoris\u00e9s du Groupe Capvest (\u00e9quipe de r\u00e9alisation technique et \u00e9quipe de suivi de la relation client)<\/li><li>Nos prestataires techniques : h\u00e9bergement, service d\u2019extraction des donn\u00e9es non format\u00e9es, service d\u2019envoi de mail, prestataire d\u2019audit et de s\u00e9curit\u00e9 informatique.<\/li><\/ul>\n\n\n\n<h2>3 \u2013 S\u00e9curit\u00e9 des donn\u00e9es collect\u00e9es<\/h2>\n\n\n\n<p>Le Groupe Capvest s\u2019engage \u00e0 mener une politique de s\u00e9curit\u00e9 appropri\u00e9e, ce qui se traduit par une politique de s\u00e9curit\u00e9 logique et mat\u00e9rielle et des mesures de s\u00e9curit\u00e9 sp\u00e9cialement adapt\u00e9s \u00e0 nos activit\u00e9s. Diff\u00e9rents audits sont men\u00e9s au sein de nos infrastructures.<\/p>\n\n\n\n<p>Les \u00e9quipes du Groupe Capvest sont sensibilis\u00e9es \u00e0 la RGPD et la prise en compte de la protection des donn\u00e9es personnelles est omni pr\u00e9sente au moment de la conception et l\u2019exploitation des applications.<\/p>\n\n\n\n<p>Ainsi, les principes suivants pr\u00e9sident les d\u00e9veloppements des sites et des applications, tant au niveau infrastructures techniques (h\u00e9bergement redondant s\u00e9curis\u00e9, politique de s\u00e9curisation et de contr\u00f4le d\u2019acc\u00e8s), que du point de vue applicatif (d\u00e9veloppement des sites et applications) :<\/p>\n\n\n\n<ul><li>Collecte des donn\u00e9es s\u00e9curis\u00e9es<\/li><li>Stockage garantissant l\u2019int\u00e9grit\u00e9 et la confidentialit\u00e9 des donn\u00e9es<\/li><li>S\u00e9curisation des environnements de d\u00e9veloppement<\/li><li>S\u00e9curisation de l\u2019acc\u00e8s aux donn\u00e9es<\/li><li>Formations r\u00e9guli\u00e8res de nos \u00e9quipes techniques<\/li><li>Limitation volontaire de la sous-traitance (infrastructures, services et d\u00e9veloppement) et intervention sur des jeux de donn\u00e9es tests anonymis\u00e9s.<\/li><\/ul>\n\n\n\n<h2>4 \u2013 Vos droits<\/h2>\n\n\n\n<p>En application de la r\u00e9glementation, vous disposez d\u2019un droit d\u2019acc\u00e8s, de rectification, de suppression, d\u2019opposition et d\u2019un droit \u00e0 la portabilit\u00e9 relativement \u00e0 l\u2019ensemble des donn\u00e9es vous concernant.<\/p>\n\n\n\n<p>Vous disposez \u00e9galement d\u2019un droit \u00e0 la limitation des traitements utilisant vos donn\u00e9es personnelles. Toute personne a \u00e9galement le droit de ne pas faire l\u2019objet d\u2019une prise de d\u00e9cision individuelle exclusivement fond\u00e9e sur un traitement automatis\u00e9 tel que le profilage. Si vous avez consenti au traitement de donn\u00e9es personnelles, vous pouvez retirer votre consentement \u00e0 tout moment.<\/p>\n\n\n\n<div style=\"height:20px\" aria-hidden=\"true\" class=\"wp-block-spacer\"><\/div>\n\n\n\n<p>Vous pouvez exercer ces droits, sans frais, hormis ceux li\u00e9s \u00e0 la transmission de la sollicitation, en vous adressant aux adresses suivantes :<\/p>\n\n\n\n<ul><li>Par email : info@capvest.ch<\/li><li>Par courrier : Capvest Advisors SA, Place Longemalle 7, 1204 Gen\u00e8ve<\/li><\/ul>\n\n\n\n<h2>5 \u2013 Contact<\/h2>\n\n\n\n<p>Pour toutes demandes d\u2019information concernant la politique de protection des donn\u00e9es \u00e0 caract\u00e8re personnel mise en \u0153uvre par le Groupe Capvest, vous pouvez vous adressez \u00e0 l\u2019adresse suivante : Capvest Advisors SA, Place Longemalle 7, 1204 Gen\u00e8ve<\/p>\n\n\n\n<h2>6 \u2013 Politique de gestion des cookies<\/h2>\n\n\n\n<p>Dans un souci de clart\u00e9, nous pr\u00e9cisons la fa\u00e7on dont les sites et applications du Groupe Capvest utilisent des cookies. Nous n\u2019utilisons aucun cookie de tiers qui serait \u00e9tranger aux finalit\u00e9s poursuivies par nos sites et applications. Lors de vos consultations des cookies sont d\u00e9pos\u00e9s sur votre ordinateur, votre tablette ou votre smartphone. Les informations ci-dessous vous permettent de mieux comprendre comment fonctionnent les cookies et comment utiliser les outils actuels afin de les param\u00e9trer.<\/p>\n\n\n\n<h3>Qu\u2019est-ce qu\u2019un cookie ?<\/h3>\n\n\n\n<p>L\u2019utilisation des cookies est courante sur Internet. Un cookie est un petit fichier texte contenant des informations, qui est enregistr\u00e9 sur votre \u00e9quipement (ex : ordinateur, tablette ou t\u00e9l\u00e9phone mobile) et qui vous permet de b\u00e9n\u00e9ficier d\u2019une meilleure exp\u00e9rience utilisateur. Nous employons deux types de cookies : les cookies persistants et les cookies de session. Un cookie persistant nous permet de vous identifier en tant qu\u2019utilisateur existant pour que vous puissiez revenir ou consulter nos services sans avoir \u00e0 saisir de nouveau votre identifiant. Une fois connect\u00e9, un cookie persistant demeure dans votre navigateur et sera lu par nos soins lorsque vous retournerez sur l\u2019un de nos sites. Les cookies de session n\u2019existent que pendant la dur\u00e9e de la session (habituellement le temps de la visite d\u2019un site web ou de la session de navigateur).<\/p>\n\n\n\n<h3>Les cookies de ciblage<\/h3>\n\n\n\n<p>Nous pouvons utiliser des cookies pour afficher des offres cibl\u00e9es \u00e0 la fois sur nos applications mais aussi en dehors de celles-ci lorsque vous naviguez sur un autre site. Un cookie peut aussi nous servir \u00e0 savoir si apr\u00e8s avoir vu un contenu du Groupe Capvest (par exemple une annonce), un utilisateur a par la suite visit\u00e9 le site internet (et par exemple, renseigner un formulaire). Ce cookie a pour but de mesurer notre audience et notre capacit\u00e9 \u00e0\u2002transformer votre visite en mise en relation, soit en visitant nos sites et applications, soit en les ayant visit\u00e9s.<\/p>\n\n\n\n<div style=\"height:20px\" aria-hidden=\"true\" class=\"wp-block-spacer\"><\/div>\n\n\n\n<p>Les cookies de cette cat\u00e9gorie nous permettent de compter le nombre de visiteurs sur notre site web et de visualiser le parcours suivi par l\u2019utilisateur. Cela nous permet d\u2019ajuster et d\u2019am\u00e9liorer le fonctionnement de notre site et de l\u2019optimiser afin de rendre plus accessible l\u2019information que vous cherchez.<\/p>\n\n\n\n<h3>Comment g\u00e9rer les cookies ?<\/h3>\n\n\n\n<p>Il est possible qu\u2019apr\u00e8s votre premi\u00e8re visite sur ce site web nous modifiions les cookies que nous utilisons. Cette politique relative aux cookies vous tiendra inform\u00e9 de l\u2019origine des cookies qui sont plac\u00e9s sur notre site, des buts recherch\u00e9s et vous indiquera comment les d\u00e9sactiver. Nous vous invitons donc \u00e0 la consulter p\u00e9riodiquement.<\/p>\n\n\n\n<p>Plusieurs possibilit\u00e9s vous sont offertes pour g\u00e9rer les cookies. Tout param\u00e9trage que vous pouvez entreprendre sera susceptible de modifier votre navigation sur Internet et vos conditions d\u2019acc\u00e8s \u00e0 certains services n\u00e9cessitant l\u2019utilisation de Cookies. Vous pouvez faire le choix \u00e0 tout moment d\u2019exprimer et de modifier vos souhaits en mati\u00e8re de cookies, soit en les d\u00e9sactivant sur votre navigateur web ou refusant la cr\u00e9ation de cookies :<\/p>\n\n\n\n<h4>Param\u00e9trage de votre navigateur<\/h4>\n\n\n\n<p>Pour Chrome : https:\/\/support.google.com\/chrome\/answer\/95647?hl=fr&amp;hlrm=en<\/p>\n\n\n\n<p>Pour Internet Explorer : https:\/\/windows.microsoft.com\/fr-FR\/windows-vista\/Block-or-allow-Cookies<\/p>\n\n\n\n<p>Pour Firefox : https:\/\/support.mozilla.org\/fr\/kb\/cookies-informations-sites-enregistrent?redirectlocale=fr&amp;redirectslug=G%C3%A9rer+les+cookies<\/p>\n\n\n\n<p>Pour Op\u00e9ra : http:\/\/help.opera.com\/Windows\/10.20\/fr\/cookies.html<\/p>\n\n\n\n<h4>Les liens Opt-out pour les cookies de mesure d\u2019audience (statistiques)<\/h4>\n\n\n\n<p>Pour les cookies d\u00e9pos\u00e9s par Google Analytics : https:\/\/support.google.com\/analytics\/answer\/181881<\/p>\n\n\n\n<h4>Les liens Opt-out pour les cookies de partage<\/h4>\n\n\n\n<p>Pour les cookies d\u00e9pos\u00e9s par Facebook : https:\/\/fr-fr.facebook.com\/help\/cookies<\/p>\n\n\n\n<p>Pour les cookies d\u00e9pos\u00e9s par Twitter : https:\/\/support.twitter.com\/articles\/20170518-utilisation-des-cookies-et-des-technologies-similaires-par-twitter<\/p>\n\n\n\n<div style=\"height:20px\" aria-hidden=\"true\" class=\"wp-block-spacer\"><\/div>\n\n\n\n<p>Pour plus d\u2019information sur les cookies, vous pouvez vous rendre sur le site de la CNIL, \u00e0 cet endroit : https:\/\/www.cnil.fr\/vos-droits\/vos-traces\/les-cookies\/<\/p>\n\n\n\n<h2>7 \u2013 Mise \u00e0 jour de la politique de protection des donn\u00e9es<\/h2>\n\n\n\n<p>Notre politique de confidentialit\u00e9 est susceptible d\u2019\u00eatre modifi\u00e9e ou am\u00e9nag\u00e9e \u00e0 tout moment. En cas de modification, la nouvelle politique de confidentialit\u00e9 sera notifi\u00e9e au moment de la connexion \u00e0 l\u2019application.<\/p>\n","protected":false},"excerpt":{"rendered":"<p>Le Groupe Capvest est soucieux de la protection et de la confidentialit\u00e9 des donn\u00e9es personnelles et s\u2019engage \u00e0 assurer le meilleur niveau de protection \u00e0 vos donn\u00e9es personnelles en conformit\u00e9 avec les r\u00e9glementations en vigueur sur la protection des donn\u00e9es personnelles, applicables en Europe (RGPD). Cette politique de confidentialit\u00e9 a pour objectif de vous informer [&hellip;]<\/p>\n","protected":false},"author":3,"featured_media":0,"parent":0,"menu_order":0,"comment_status":"closed","ping_status":"closed","template":"","meta":{"inline_featured_image":false},"acf":[],"yoast_head":"<!-- This site is optimized with the Yoast SEO plugin v19.10 - https:\/\/yoast.com\/wordpress\/plugins\/seo\/ -->\n<title>Mentions l\u00e9gales et politique de protection des donn\u00e9es personnelles | Capvest Group<\/title>\n<meta name=\"robots\" content=\"noindex, nofollow\" \/>\n<meta property=\"og:locale\" content=\"fr_FR\" \/>\n<meta property=\"og:type\" content=\"article\" \/>\n<meta property=\"og:title\" content=\"Mentions l\u00e9gales et politique de protection des donn\u00e9es personnelles | Capvest Group\" \/>\n<meta property=\"og:description\" content=\"Le Groupe Capvest est soucieux de la protection et de la confidentialit\u00e9 des donn\u00e9es personnelles et s\u2019engage \u00e0 assurer le meilleur niveau de protection \u00e0 vos donn\u00e9es personnelles en conformit\u00e9 avec les r\u00e9glementations en vigueur sur la protection des donn\u00e9es personnelles, applicables en Europe (RGPD). Cette politique de confidentialit\u00e9 a pour objectif de vous informer [&hellip;]\" \/>\n<meta property=\"og:url\" content=\"https:\/\/thecapvestgroup.com\/fr\/mentions-legales\/\" \/>\n<meta property=\"og:site_name\" content=\"Capvest Group\" \/>\n<meta property=\"article:modified_time\" content=\"2022-04-22T09:09:02+00:00\" \/>\n<meta name=\"twitter:card\" content=\"summary_large_image\" \/>\n<meta name=\"twitter:label1\" content=\"Dur\u00e9e de lecture estim\u00e9e\" \/>\n\t<meta name=\"twitter:data1\" content=\"8 minutes\" \/>\n<script type=\"application\/ld+json\" class=\"yoast-schema-graph\">{\"@context\":\"https:\/\/schema.org\",\"@graph\":[{\"@type\":\"WebPage\",\"@id\":\"https:\/\/thecapvestgroup.com\/fr\/mentions-legales\/\",\"url\":\"https:\/\/thecapvestgroup.com\/fr\/mentions-legales\/\",\"name\":\"Mentions l\u00e9gales et politique de protection des donn\u00e9es personnelles | Capvest Group\",\"isPartOf\":{\"@id\":\"https:\/\/thecapvestgroup.com\/fr\/#website\"},\"datePublished\":\"2022-04-22T08:30:26+00:00\",\"dateModified\":\"2022-04-22T09:09:02+00:00\",\"breadcrumb\":{\"@id\":\"https:\/\/thecapvestgroup.com\/fr\/mentions-legales\/#breadcrumb\"},\"inLanguage\":\"fr-FR\",\"potentialAction\":[{\"@type\":\"ReadAction\",\"target\":[\"https:\/\/thecapvestgroup.com\/fr\/mentions-legales\/\"]}]},{\"@type\":\"BreadcrumbList\",\"@id\":\"https:\/\/thecapvestgroup.com\/fr\/mentions-legales\/#breadcrumb\",\"itemListElement\":[{\"@type\":\"ListItem\",\"position\":1,\"name\":\"Home\",\"item\":\"https:\/\/thecapvestgroup.com\/fr\/\"},{\"@type\":\"ListItem\",\"position\":2,\"name\":\"Mentions l\u00e9gales et politique de protection des donn\u00e9es personnelles\"}]},{\"@type\":\"WebSite\",\"@id\":\"https:\/\/thecapvestgroup.com\/fr\/#website\",\"url\":\"https:\/\/thecapvestgroup.com\/fr\/\",\"name\":\"Capvest Group\",\"description\":\"Investisseur, d\u00e9veloppeur et gestionnaire, le GroupeCapvest s\u2019est rapidement d\u00e9velopp\u00e9 en proposant des concepts novateursdans l\u2019immobilier \u00e0 l&#039;international.\",\"publisher\":{\"@id\":\"https:\/\/thecapvestgroup.com\/fr\/#organization\"},\"potentialAction\":[{\"@type\":\"SearchAction\",\"target\":{\"@type\":\"EntryPoint\",\"urlTemplate\":\"https:\/\/thecapvestgroup.com\/fr\/?s={search_term_string}\"},\"query-input\":\"required name=search_term_string\"}],\"inLanguage\":\"fr-FR\"},{\"@type\":\"Organization\",\"@id\":\"https:\/\/thecapvestgroup.com\/fr\/#organization\",\"name\":\"Capvest Group\",\"url\":\"https:\/\/thecapvestgroup.com\/fr\/\",\"logo\":{\"@type\":\"ImageObject\",\"inLanguage\":\"fr-FR\",\"@id\":\"https:\/\/thecapvestgroup.com\/fr\/#\/schema\/logo\/image\/\",\"url\":\"https:\/\/thecapvestgroup.com\/wp-content\/uploads\/2022\/03\/groupe-capvest-logo.svg\",\"contentUrl\":\"https:\/\/thecapvestgroup.com\/wp-content\/uploads\/2022\/03\/groupe-capvest-logo.svg\",\"width\":190,\"height\":18,\"caption\":\"Capvest Group\"},\"image\":{\"@id\":\"https:\/\/thecapvestgroup.com\/fr\/#\/schema\/logo\/image\/\"}}]}<\/script>\n<!-- \/ Yoast SEO plugin. -->","yoast_head_json":{"title":"Mentions l\u00e9gales et politique de protection des donn\u00e9es personnelles | Capvest Group","robots":{"index":"noindex","follow":"nofollow"},"og_locale":"fr_FR","og_type":"article","og_title":"Mentions l\u00e9gales et politique de protection des donn\u00e9es personnelles | Capvest Group","og_description":"Le Groupe Capvest est soucieux de la protection et de la confidentialit\u00e9 des donn\u00e9es personnelles et s\u2019engage \u00e0 assurer le meilleur niveau de protection \u00e0 vos donn\u00e9es personnelles en conformit\u00e9 avec les r\u00e9glementations en vigueur sur la protection des donn\u00e9es personnelles, applicables en Europe (RGPD). Cette politique de confidentialit\u00e9 a pour objectif de vous informer [&hellip;]","og_url":"https:\/\/thecapvestgroup.com\/fr\/mentions-legales\/","og_site_name":"Capvest Group","article_modified_time":"2022-04-22T09:09:02+00:00","twitter_card":"summary_large_image","twitter_misc":{"Dur\u00e9e de lecture estim\u00e9e":"8 minutes"},"schema":{"@context":"https:\/\/schema.org","@graph":[{"@type":"WebPage","@id":"https:\/\/thecapvestgroup.com\/fr\/mentions-legales\/","url":"https:\/\/thecapvestgroup.com\/fr\/mentions-legales\/","name":"Mentions l\u00e9gales et politique de protection des donn\u00e9es personnelles | Capvest Group","isPartOf":{"@id":"https:\/\/thecapvestgroup.com\/fr\/#website"},"datePublished":"2022-04-22T08:30:26+00:00","dateModified":"2022-04-22T09:09:02+00:00","breadcrumb":{"@id":"https:\/\/thecapvestgroup.com\/fr\/mentions-legales\/#breadcrumb"},"inLanguage":"fr-FR","potentialAction":[{"@type":"ReadAction","target":["https:\/\/thecapvestgroup.com\/fr\/mentions-legales\/"]}]},{"@type":"BreadcrumbList","@id":"https:\/\/thecapvestgroup.com\/fr\/mentions-legales\/#breadcrumb","itemListElement":[{"@type":"ListItem","position":1,"name":"Home","item":"https:\/\/thecapvestgroup.com\/fr\/"},{"@type":"ListItem","position":2,"name":"Mentions l\u00e9gales et politique de protection des donn\u00e9es personnelles"}]},{"@type":"WebSite","@id":"https:\/\/thecapvestgroup.com\/fr\/#website","url":"https:\/\/thecapvestgroup.com\/fr\/","name":"Capvest Group","description":"Investisseur, d\u00e9veloppeur et gestionnaire, le GroupeCapvest s\u2019est rapidement d\u00e9velopp\u00e9 en proposant des concepts novateursdans l\u2019immobilier \u00e0 l&#039;international.","publisher":{"@id":"https:\/\/thecapvestgroup.com\/fr\/#organization"},"potentialAction":[{"@type":"SearchAction","target":{"@type":"EntryPoint","urlTemplate":"https:\/\/thecapvestgroup.com\/fr\/?s={search_term_string}"},"query-input":"required name=search_term_string"}],"inLanguage":"fr-FR"},{"@type":"Organization","@id":"https:\/\/thecapvestgroup.com\/fr\/#organization","name":"Capvest Group","url":"https:\/\/thecapvestgroup.com\/fr\/","logo":{"@type":"ImageObject","inLanguage":"fr-FR","@id":"https:\/\/thecapvestgroup.com\/fr\/#\/schema\/logo\/image\/","url":"https:\/\/thecapvestgroup.com\/wp-content\/uploads\/2022\/03\/groupe-capvest-logo.svg","contentUrl":"https:\/\/thecapvestgroup.com\/wp-content\/uploads\/2022\/03\/groupe-capvest-logo.svg","width":190,"height":18,"caption":"Capvest Group"},"image":{"@id":"https:\/\/thecapvestgroup.com\/fr\/#\/schema\/logo\/image\/"}}]}},"_links":{"self":[{"href":"https:\/\/thecapvestgroup.com\/fr\/wp-json\/wp\/v2\/pages\/331"}],"collection":[{"href":"https:\/\/thecapvestgroup.com\/fr\/wp-json\/wp\/v2\/pages"}],"about":[{"href":"https:\/\/thecapvestgroup.com\/fr\/wp-json\/wp\/v2\/types\/page"}],"author":[{"embeddable":true,"href":"https:\/\/thecapvestgroup.com\/fr\/wp-json\/wp\/v2\/users\/3"}],"replies":[{"embeddable":true,"href":"https:\/\/thecapvestgroup.com\/fr\/wp-json\/wp\/v2\/comments?post=331"}],"version-history":[{"count":11,"href":"https:\/\/thecapvestgroup.com\/fr\/wp-json\/wp\/v2\/pages\/331\/revisions"}],"predecessor-version":[{"id":350,"href":"https:\/\/thecapvestgroup.com\/fr\/wp-json\/wp\/v2\/pages\/331\/revisions\/350"}],"wp:attachment":[{"href":"https:\/\/thecapvestgroup.com\/fr\/wp-json\/wp\/v2\/media?parent=331"}],"curies":[{"name":"wp","href":"https:\/\/api.w.org\/{rel}","templated":true}]}}